{"id":48,"date":"2020-11-17T21:30:41","date_gmt":"2020-11-17T20:30:41","guid":{"rendered":"http:\/\/astro-bsa.com\/?page_id=48"},"modified":"2026-01-07T19:30:34","modified_gmt":"2026-01-07T18:30:34","slug":"soiree-d-observations-publiques","status":"publish","type":"page","link":"https:\/\/astro-bsa.com\/","title":{"rendered":"SOIR\u00c9E D&rsquo; OBSERVATIONS PUBLIQUES"},"content":{"rendered":"\n<div class=\"wp-block-group\"><div class=\"wp-block-group__inner-container is-layout-flow wp-block-group-is-layout-flow\">\n<div class=\"wp-block-group\"><div class=\"wp-block-group__inner-container is-layout-flow wp-block-group-is-layout-flow\">\n<p class=\"has-text-align-center\" style=\"font-size:24px\"><span style=\"background-color:rgba(0, 0, 0, 0)\" class=\"has-inline-color has-vivid-red-color\"> SOIR\u00c9E PUBLIQUE <\/span><\/p>\n\n\n\n<p class=\"has-text-align-center\" style=\"font-size:24px\"><\/p>\n\n\n\n<p class=\"has-text-align-center has-x-large-font-size\">En cours de programmation<\/p>\n\n\n\n<p><\/p>\n\n\n\n<p><\/p>\n\n\n\n<p class=\"has-text-align-center\" style=\"font-size:24px\"><\/p>\n\n\n\n<p><\/p>\n\n\n\n<p><\/p>\n\n\n\n<p><\/p>\n<\/div><\/div>\n<\/div><\/div>\n\n\n\n<p style=\"font-size:24px\"><strong>Programme des soir\u00e9es d&rsquo;observations publiques en 2025 :<\/strong><\/p>\n\n\n\n<p style=\"font-size:18px\">Possibilit\u00e9 de soir\u00e9es priv\u00e9es pour les groupes<\/p>\n\n\n\n<figure class=\"wp-block-table is-style-regular\"><table><tbody><tr><td> <strong>DATE<\/strong>*<br><\/td><td><strong>LIEU<\/strong><br><\/td><\/tr><tr><td><\/td><td>Observatoire de Fontaines-en-Sologne &#8211; \u00ab\u00a0<strong>Nuit des \u00c9toiles<\/strong>\u00ab\u00a0<\/td><\/tr><tr><td><\/td><td>Baignade Naturelle de Mont-Pr\u00e8s-Chambord<\/td><\/tr><tr><td><\/td><td><\/td><\/tr><tr><td><\/td><td>\u00ab\u00a0<strong>On the moon again<\/strong>\u00ab\u00a0<br>voir site internet: <a href=\"https:\/\/www.onthemoonagain.org\/new\" target=\"_blank\" rel=\"noreferrer noopener\">https:\/\/www.onthemoonagain.org\/new<\/a><\/td><\/tr><\/tbody><\/table><figcaption class=\"wp-element-caption\">(*) choix du jour en fonction de la m\u00e9t\u00e9o<\/figcaption><\/figure>\n\n\n<div class=\"wp-block-image\">\n<figure class=\"aligncenter size-large\"><img loading=\"lazy\" decoding=\"async\" width=\"680\" height=\"510\" src=\"https:\/\/astro-bsa.com\/wp-content\/uploads\/2020\/12\/67424850_2240601132662523_1745005256284045312_n-1.jpg\" alt=\"\" class=\"wp-image-794\" srcset=\"https:\/\/astro-bsa.com\/wp-content\/uploads\/2020\/12\/67424850_2240601132662523_1745005256284045312_n-1.jpg 680w, https:\/\/astro-bsa.com\/wp-content\/uploads\/2020\/12\/67424850_2240601132662523_1745005256284045312_n-1-300x225.jpg 300w, https:\/\/astro-bsa.com\/wp-content\/uploads\/2020\/12\/67424850_2240601132662523_1745005256284045312_n-1-500x375.jpg 500w\" sizes=\"(max-width: 680px) 100vw, 680px\" \/><figcaption class=\"wp-element-caption\">les membres de BSA se pr\u00e9parant \u00e0 recevoir le public.<\/figcaption><\/figure><\/div>\n\n\n<p style=\"font-size:24px\"><strong>Inscriptions et renseignements (horaires\/lieu rendez-vous) :<\/strong><\/p>\n\n\n\n<div class=\"wp-block-media-text alignwide is-stacked-on-mobile is-image-fill\" style=\"grid-template-columns:55% auto\"><figure class=\"wp-block-media-text__media\" style=\"background-image:url(https:\/\/astro-bsa.com\/wp-content\/uploads\/2020\/12\/IMG_8737-1-1024x682.jpg);background-position:50% 50%\"><a href=\"https:\/\/astro-bsa.com\/wp-content\/uploads\/2020\/12\/IMG_8737-1-scaled.jpg\" target=\"_blank\" rel=\"https:\/\/astro-bsa.com\/wp-content\/uploads\/2020\/12\/IMG_8737-1-scaled.jpg noopener noreferrer\"><img loading=\"lazy\" decoding=\"async\" width=\"1024\" height=\"682\" src=\"https:\/\/astro-bsa.com\/wp-content\/uploads\/2020\/12\/IMG_8737-1-1024x682.jpg\" alt=\"\" class=\"wp-image-236 size-full\" srcset=\"https:\/\/astro-bsa.com\/wp-content\/uploads\/2020\/12\/IMG_8737-1-1024x682.jpg 1024w, https:\/\/astro-bsa.com\/wp-content\/uploads\/2020\/12\/IMG_8737-1-300x200.jpg 300w, https:\/\/astro-bsa.com\/wp-content\/uploads\/2020\/12\/IMG_8737-1-768x511.jpg 768w, https:\/\/astro-bsa.com\/wp-content\/uploads\/2020\/12\/IMG_8737-1-500x333.jpg 500w, https:\/\/astro-bsa.com\/wp-content\/uploads\/2020\/12\/IMG_8737-1-800x533.jpg 800w, https:\/\/astro-bsa.com\/wp-content\/uploads\/2020\/12\/IMG_8737-1-1280x852.jpg 1280w, https:\/\/astro-bsa.com\/wp-content\/uploads\/2020\/12\/IMG_8737-1-1920x1278.jpg 1920w, https:\/\/astro-bsa.com\/wp-content\/uploads\/2020\/12\/IMG_8737-1-1536x1023.jpg 1536w, https:\/\/astro-bsa.com\/wp-content\/uploads\/2020\/12\/IMG_8737-1-2048x1364.jpg 2048w, https:\/\/astro-bsa.com\/wp-content\/uploads\/2020\/12\/IMG_8737-1-406x270.jpg 406w\" sizes=\"(max-width: 1024px) 100vw, 1024px\" \/><\/a><\/figure><div class=\"wp-block-media-text__content\">\n<p class=\"has-medium-font-size\"><span style=\"background-color:rgba(0, 0, 0, 0)\" class=\"has-inline-color has-black-color\"><strong>En nous contactant via notre page et messagerie Facebook<\/strong> (cliquer sur le lien):<\/span><\/p>\n\n\n\n<p style=\"font-size:22px\"><strong><a href=\"https:\/\/fr-fr.facebook.com\/BloisSologneAstronomie\/\" target=\"_blank\" rel=\"noreferrer noopener\"><span class=\"has-inline-color has-vivid-red-color\">https:\/\/fr-fr.facebook.com\/BloisSologneAstronomie\/<\/span><\/a><\/strong><\/p>\n\n\n\n<p>ou par notre r\u00e9pondeur t\u00e9l\u00e9phonique au:<\/p>\n\n\n\n<p class=\"has-text-align-left\" style=\"font-size:22px\"><span style=\"background-color:rgba(0, 0, 0, 0)\" class=\"has-inline-color has-vivid-red-color\">&#8211; <strong>TEL 02 54 46 83 39<\/strong> <\/span><\/p>\n<\/div><\/div>\n\n\n\n<div class=\"wp-block-group\"><div class=\"wp-block-group__inner-container is-layout-flow wp-block-group-is-layout-flow\">\n<p style=\"font-size:18px\">Vous serez mis en relation avec le r\u00e9pondeur de notre association qui vous donnera des informations sur notre prochaine soir\u00e9e et vous demandera de laisser vos coordonn\u00e9es pour vous inscrire.<\/p>\n\n\n\n<p style=\"font-size:18px\">Pensez \u00e0 prendre une petite lampe de poche car extinction nocturne du village et absence d&rsquo;\u00e9clairage sur le site d&rsquo;observation. Pensez \u00e9galement \u00e0 prendre des v\u00eatements chauds (m\u00eame en \u00e9t\u00e9) car les nuits sont fraiches et quand on observe on ne bouge pas !<\/p>\n<\/div><\/div>\n\n\n\n<div class=\"wp-block-group\"><div class=\"wp-block-group__inner-container is-layout-flow wp-block-group-is-layout-flow\">\n<div class=\"wp-block-group\"><div class=\"wp-block-group__inner-container is-layout-flow wp-block-group-is-layout-flow\">\n<hr class=\"wp-block-separator has-css-opacity is-style-default\"\/>\n<\/div><\/div>\n\n\n\n<div class=\"wp-block-media-text alignwide has-media-on-the-right is-stacked-on-mobile is-vertically-aligned-center\" style=\"grid-template-columns:auto 51%\"><div class=\"wp-block-media-text__content\">\n<p style=\"font-size:24px\"><strong>Tarifs :<\/strong><\/p>\n\n\n\n<p style=\"font-size:24px\"><span style=\"background-color:rgba(0, 0, 0, 0)\" class=\"has-inline-color has-vivid-red-color\">&#8211; <strong>adulte : 8 euros<\/strong><\/span><\/p>\n\n\n\n<p style=\"font-size:24px\"><span style=\"background-color:rgba(0, 0, 0, 0)\" class=\"has-inline-color has-vivid-red-color\">&#8211; <strong>enfants (-16 ans) : 5 euros<\/strong><br><\/span><\/p>\n<\/div><figure class=\"wp-block-media-text__media\"><img loading=\"lazy\" decoding=\"async\" width=\"1134\" height=\"647\" src=\"https:\/\/astro-bsa.com\/wp-content\/uploads\/2021\/01\/Soiree-Obs-Fontaines-en-Sologne-BSA-Christophe-Martin-Brisset-1.jpg\" alt=\"\" class=\"wp-image-976 size-full\" srcset=\"https:\/\/astro-bsa.com\/wp-content\/uploads\/2021\/01\/Soiree-Obs-Fontaines-en-Sologne-BSA-Christophe-Martin-Brisset-1.jpg 1134w, https:\/\/astro-bsa.com\/wp-content\/uploads\/2021\/01\/Soiree-Obs-Fontaines-en-Sologne-BSA-Christophe-Martin-Brisset-1-300x171.jpg 300w, https:\/\/astro-bsa.com\/wp-content\/uploads\/2021\/01\/Soiree-Obs-Fontaines-en-Sologne-BSA-Christophe-Martin-Brisset-1-768x438.jpg 768w, https:\/\/astro-bsa.com\/wp-content\/uploads\/2021\/01\/Soiree-Obs-Fontaines-en-Sologne-BSA-Christophe-Martin-Brisset-1-500x285.jpg 500w, https:\/\/astro-bsa.com\/wp-content\/uploads\/2021\/01\/Soiree-Obs-Fontaines-en-Sologne-BSA-Christophe-Martin-Brisset-1-800x456.jpg 800w, https:\/\/astro-bsa.com\/wp-content\/uploads\/2021\/01\/Soiree-Obs-Fontaines-en-Sologne-BSA-Christophe-Martin-Brisset-1-473x270.jpg 473w\" sizes=\"(max-width: 1134px) 100vw, 1134px\" \/><\/figure><\/div>\n\n\n\n<div class=\"wp-block-group\"><div class=\"wp-block-group__inner-container is-layout-flow wp-block-group-is-layout-flow\">\n<div class=\"wp-block-group\"><div class=\"wp-block-group__inner-container is-layout-flow wp-block-group-is-layout-flow\"><\/div><\/div>\n<\/div><\/div>\n<\/div><\/div>\n\n\n\n<hr class=\"wp-block-separator has-css-opacity is-style-default\"\/>\n\n\n\n<div class=\"wp-block-group\"><div class=\"wp-block-group__inner-container is-layout-flow wp-block-group-is-layout-flow\">\n<p style=\"font-size:18px\">Sauf mention particuli\u00e8re, nos soir\u00e9es d&rsquo;observations ont lieu \u00e0 Fontaines-en-Sologne (20 km au Sud-Est de Blois) o\u00f9 se situe notre observatoire. <\/p>\n\n\n\n<p style=\"font-size:24px\"><strong>Plan d\u2019acc\u00e8s<\/strong><\/p>\n\n\n\n<div class=\"wp-block-jetpack-tiled-gallery aligncenter is-style-rectangular\"><div class=\"tiled-gallery__gallery\"><div class=\"tiled-gallery__row\"><div class=\"tiled-gallery__col\" style=\"flex-basis:50%\"><figure class=\"tiled-gallery__item\"><img decoding=\"async\" srcset=\"https:\/\/i1.wp.com\/astro-bsa.com\/wp-content\/uploads\/2021\/01\/diapo-explication-ciel-Joel-2-scaled.jpg?strip=info&#038;w=600 600w,https:\/\/i1.wp.com\/astro-bsa.com\/wp-content\/uploads\/2021\/01\/diapo-explication-ciel-Joel-2-scaled.jpg?strip=info&#038;w=900 900w,https:\/\/i1.wp.com\/astro-bsa.com\/wp-content\/uploads\/2021\/01\/diapo-explication-ciel-Joel-2-scaled.jpg?strip=info&#038;w=1200 1200w,https:\/\/i1.wp.com\/astro-bsa.com\/wp-content\/uploads\/2021\/01\/diapo-explication-ciel-Joel-2-scaled.jpg?strip=info&#038;w=1500 1500w,https:\/\/i1.wp.com\/astro-bsa.com\/wp-content\/uploads\/2021\/01\/diapo-explication-ciel-Joel-2-scaled.jpg?strip=info&#038;w=1800 1800w,https:\/\/i1.wp.com\/astro-bsa.com\/wp-content\/uploads\/2021\/01\/diapo-explication-ciel-Joel-2-scaled.jpg?strip=info&#038;w=2000 2000w\" alt=\"\" data-height=\"1704\" data-id=\"1135\" data-link=\"https:\/\/astro-bsa.com\/index.php\/soiree-d-observations-publiques\/diapo-explication-ciel-joel-2\/\" data-url=\"https:\/\/astro-bsa.com\/wp-content\/uploads\/2021\/01\/diapo-explication-ciel-Joel-2-scaled.jpg\" data-width=\"2560\" src=\"https:\/\/i1.wp.com\/astro-bsa.com\/wp-content\/uploads\/2021\/01\/diapo-explication-ciel-Joel-2-scaled.jpg\" data-amp-layout=\"responsive\"\/><\/figure><\/div><div class=\"tiled-gallery__col\" style=\"flex-basis:50%\"><figure class=\"tiled-gallery__item\"><img decoding=\"async\" srcset=\"https:\/\/i0.wp.com\/astro-bsa.com\/wp-content\/uploads\/2021\/01\/passage-ISS-scaled.jpg?strip=info&#038;w=600 600w,https:\/\/i0.wp.com\/astro-bsa.com\/wp-content\/uploads\/2021\/01\/passage-ISS-scaled.jpg?strip=info&#038;w=900 900w,https:\/\/i0.wp.com\/astro-bsa.com\/wp-content\/uploads\/2021\/01\/passage-ISS-scaled.jpg?strip=info&#038;w=1200 1200w,https:\/\/i0.wp.com\/astro-bsa.com\/wp-content\/uploads\/2021\/01\/passage-ISS-scaled.jpg?strip=info&#038;w=1500 1500w,https:\/\/i0.wp.com\/astro-bsa.com\/wp-content\/uploads\/2021\/01\/passage-ISS-scaled.jpg?strip=info&#038;w=1800 1800w,https:\/\/i0.wp.com\/astro-bsa.com\/wp-content\/uploads\/2021\/01\/passage-ISS-scaled.jpg?strip=info&#038;w=2000 2000w\" alt=\"\" data-height=\"1704\" data-id=\"1129\" data-link=\"https:\/\/astro-bsa.com\/index.php\/soiree-d-observations-publiques\/passage-iss\/\" data-url=\"https:\/\/astro-bsa.com\/wp-content\/uploads\/2021\/01\/passage-ISS-scaled.jpg\" data-width=\"2560\" src=\"https:\/\/i0.wp.com\/astro-bsa.com\/wp-content\/uploads\/2021\/01\/passage-ISS-scaled.jpg\" data-amp-layout=\"responsive\"\/><\/figure><\/div><\/div><\/div><\/div>\n\n\n\n<p><\/p>\n\n\n\n<p style=\"font-size:18px\">  Fontaines-en-Sologne est une commune du Loir-et-Cher (41) situ\u00e9e au c\u0153ur de la Sologne \u00e0 20 km au Sud-Est de Blois et \u00e0 25 km au Nord-Ouest de Romorantin.<\/p>\n\n\n<div class=\"wp-block-image\">\n<figure class=\"aligncenter size-large is-resized\"><img loading=\"lazy\" decoding=\"async\" width=\"249\" height=\"187\" src=\"https:\/\/astro-bsa.com\/wp-content\/uploads\/2020\/11\/eglise_t-2.jpg\" alt=\"\" class=\"wp-image-108\" style=\"width:249px;height:187px\"\/><\/figure><\/div>\n\n\n<p style=\"font-size:18px\">  Ce lieu b\u00e9n\u00e9ficie de conditions d&rsquo;observations astronomiques particuli\u00e8rement int\u00e9ressantes de par l&rsquo;absence de pollution lumineuse mais \u00e9galement de par son acc\u00e8s ais\u00e9.<\/p>\n\n\n\n<figure class=\"wp-block-gallery has-nested-images columns-default is-cropped wp-block-gallery-1 is-layout-flex wp-block-gallery-is-layout-flex\">\n<figure class=\"wp-block-image size-thumbnail\"><a href=\"https:\/\/astro-bsa.com\/wp-content\/uploads\/2020\/11\/France-3.png\"><img loading=\"lazy\" decoding=\"async\" width=\"150\" height=\"150\" src=\"https:\/\/astro-bsa.com\/wp-content\/uploads\/2020\/11\/France-3-150x150.png\" alt=\"\" class=\"wp-image-109\"\/><\/a><\/figure>\n\n\n\n<figure class=\"wp-block-image size-thumbnail\"><a href=\"https:\/\/astro-bsa.com\/wp-content\/uploads\/2020\/11\/loiretcher-2.gif\"><img loading=\"lazy\" decoding=\"async\" width=\"150\" height=\"150\" src=\"https:\/\/astro-bsa.com\/wp-content\/uploads\/2020\/11\/loiretcher-2-150x150.gif\" alt=\"\" class=\"wp-image-110\"\/><\/a><\/figure>\n\n\n\n<figure class=\"wp-block-image size-thumbnail\"><a href=\"https:\/\/astro-bsa.com\/wp-content\/uploads\/2021\/01\/plan_observatoire.jpg\"><img loading=\"lazy\" decoding=\"async\" width=\"150\" height=\"150\" src=\"https:\/\/astro-bsa.com\/wp-content\/uploads\/2021\/01\/plan_observatoire-150x150.jpg\" alt=\"\" class=\"wp-image-1367\"\/><\/a><\/figure>\n<\/figure>\n\n\n\n<p style=\"font-size:18px\">  N\u00e9anmoins, de fa\u00e7on \u00e0 garantir le meilleur accueil et la meilleure disponibilit\u00e9, nous limitons ces soir\u00e9es \u00e0 une trentaine de personnes, aussi nous vous demandons de r\u00e9server \u00e0 l&rsquo;avance (sauf pour les Nuits des \u00c9toiles). <\/p>\n\n\n\n<p style=\"font-size:18px\">  Pour ne pas perturber les observations avec les phares des v\u00e9hicules, nous vous demandons de vous garer au niveau de l&rsquo;\u00e9glise de Fontaines-en Sologne, puis de faire les derniers 200 m \u00e0 pied pour rejoindre l&rsquo;observatoire (<span class=\"has-inline-color has-vivid-red-color\">prendre la rue de la Bondonni\u00e8re face parvis de l&rsquo;\u00e9glise<\/span>).<\/p>\n\n\n\n<hr class=\"wp-block-separator has-css-opacity\"\/>\n\n\n\n<p style=\"font-size:18px\">  Nous organisons \u00e9galement des soir\u00e9es d&rsquo;observations r\u00e9serv\u00e9es aux membres de notre association. Et nous sommes \u00e9galement pr\u00e9sents sur un certain nombre de manifestations dans la r\u00e9gion.<\/p>\n<\/div><\/div>\n\n\n\n<hr class=\"wp-block-separator has-css-opacity\"\/>\n","protected":false},"excerpt":{"rendered":"<p>SOIR\u00c9E PUBLIQUE En cours de programmation Programme des soir\u00e9es d&rsquo;observations publiques en 2025 : Possibilit\u00e9 de soir\u00e9es priv\u00e9es pour les groupes DATE* LIEU Observatoire de Fontaines-en-Sologne &#8211; \u00ab\u00a0Nuit des \u00c9toiles\u00ab\u00a0 Baignade Naturelle de Mont-Pr\u00e8s-Chambord \u00ab\u00a0On the moon again\u00ab\u00a0voir site internet: https:\/\/www.onthemoonagain.org\/new (*) choix du jour en fonction de la m\u00e9t\u00e9o Inscriptions et renseignements (horaires\/lieu rendez-vous) : En nous contactant via notre page et messagerie Facebook (cliquer sur le lien): https:\/\/fr-fr.facebook.com\/BloisSologneAstronomie\/ ou par notre r\u00e9pondeur t\u00e9l\u00e9phonique au: &#8211; TEL 02 54&#8230;<\/p>\n<p class=\"read-more\"><a class=\"btn btn-default\" href=\"https:\/\/astro-bsa.com\/\">Lire la suite<span class=\"screen-reader-text\"> Lire la suite<\/span><\/a><\/p>\n","protected":false},"author":1,"featured_media":0,"parent":0,"menu_order":0,"comment_status":"closed","ping_status":"closed","template":"","meta":{"_vp_format_video_url":"","_vp_image_focal_point":[],"footnotes":""},"jetpack_sharing_enabled":true,"_links":{"self":[{"href":"https:\/\/astro-bsa.com\/index.php\/wp-json\/wp\/v2\/pages\/48"}],"collection":[{"href":"https:\/\/astro-bsa.com\/index.php\/wp-json\/wp\/v2\/pages"}],"about":[{"href":"https:\/\/astro-bsa.com\/index.php\/wp-json\/wp\/v2\/types\/page"}],"author":[{"embeddable":true,"href":"https:\/\/astro-bsa.com\/index.php\/wp-json\/wp\/v2\/users\/1"}],"replies":[{"embeddable":true,"href":"https:\/\/astro-bsa.com\/index.php\/wp-json\/wp\/v2\/comments?post=48"}],"version-history":[{"count":95,"href":"https:\/\/astro-bsa.com\/index.php\/wp-json\/wp\/v2\/pages\/48\/revisions"}],"predecessor-version":[{"id":1735,"href":"https:\/\/astro-bsa.com\/index.php\/wp-json\/wp\/v2\/pages\/48\/revisions\/1735"}],"wp:attachment":[{"href":"https:\/\/astro-bsa.com\/index.php\/wp-json\/wp\/v2\/media?parent=48"}],"curies":[{"name":"wp","href":"https:\/\/api.w.org\/{rel}","templated":true}]}}