{"id":38,"date":"2020-11-17T21:24:52","date_gmt":"2020-11-17T20:24:52","guid":{"rendered":"http:\/\/astro-bsa.com\/?page_id=38"},"modified":"2020-12-03T14:34:11","modified_gmt":"2020-12-03T13:34:11","slug":"soiree-d-observation-membres-bsa","status":"publish","type":"page","link":"https:\/\/astro-bsa.com\/index.php\/soiree-d-observation-membres-bsa\/","title":{"rendered":"SOIR\u00c9E D&rsquo; OBSERVATIONS MEMBRES BSA"},"content":{"rendered":"\n<p style=\"font-size:18px\">Nous nous r\u00e9unissons r\u00e9guli\u00e8rement \u00e0 l\u2019observatoire (environ 1 fois par mois, g\u00e9n\u00e9ralement le premier samedi du mois). Ces soir\u00e9es sont r\u00e9serv\u00e9es aux membres de notre Association. Si vous souhaitez nous rejoindre, <strong><a href=\"https:\/\/astro-bsa.com\/index.php\/adhesion\/\">cliquez ici<\/a><\/strong>.<\/p>\n\n\n\n<p style=\"font-size:18px\">Si beau le temps nous le permet, nous planifions une soir\u00e9e d\u2019 observation. Par contre, si le temps est incertain ou couvert, nous nous rencontrons dans la salle de l\u2019observatoire pour aborder diff\u00e9rents th\u00e8mes : comment utiliser le mat\u00e9riel de l\u2019observatoire, comment mettre en station et collimater le 406 et le 300 mm, s\u00e9ances de nettoyage des miroirs de t\u00e9lescope et entretien des instruments, utilisation des cercles de coordonn\u00e9es, mini conf\u00e9rence sur divers sujets.<\/p>\n","protected":false},"excerpt":{"rendered":"<p>Nous nous r\u00e9unissons r\u00e9guli\u00e8rement \u00e0 l\u2019observatoire (environ 1 fois par mois, g\u00e9n\u00e9ralement le premier samedi du mois). Ces soir\u00e9es sont r\u00e9serv\u00e9es aux membres de notre Association. Si vous souhaitez nous rejoindre, cliquez ici. Si beau le temps nous le permet, nous planifions une soir\u00e9e d\u2019 observation. Par contre, si le temps est incertain ou couvert, nous nous rencontrons dans la salle de l\u2019observatoire pour aborder diff\u00e9rents th\u00e8mes : comment utiliser le mat\u00e9riel de l\u2019observatoire, comment mettre en station et collimater&#8230;<\/p>\n<p class=\"read-more\"><a class=\"btn btn-default\" href=\"https:\/\/astro-bsa.com\/index.php\/soiree-d-observation-membres-bsa\/\">Lire la suite<span class=\"screen-reader-text\"> Lire la suite<\/span><\/a><\/p>\n","protected":false},"author":1,"featured_media":0,"parent":0,"menu_order":0,"comment_status":"closed","ping_status":"closed","template":"","meta":{"_vp_format_video_url":"","_vp_image_focal_point":[],"footnotes":""},"jetpack_sharing_enabled":true,"_links":{"self":[{"href":"https:\/\/astro-bsa.com\/index.php\/wp-json\/wp\/v2\/pages\/38"}],"collection":[{"href":"https:\/\/astro-bsa.com\/index.php\/wp-json\/wp\/v2\/pages"}],"about":[{"href":"https:\/\/astro-bsa.com\/index.php\/wp-json\/wp\/v2\/types\/page"}],"author":[{"embeddable":true,"href":"https:\/\/astro-bsa.com\/index.php\/wp-json\/wp\/v2\/users\/1"}],"replies":[{"embeddable":true,"href":"https:\/\/astro-bsa.com\/index.php\/wp-json\/wp\/v2\/comments?post=38"}],"version-history":[{"count":3,"href":"https:\/\/astro-bsa.com\/index.php\/wp-json\/wp\/v2\/pages\/38\/revisions"}],"predecessor-version":[{"id":245,"href":"https:\/\/astro-bsa.com\/index.php\/wp-json\/wp\/v2\/pages\/38\/revisions\/245"}],"wp:attachment":[{"href":"https:\/\/astro-bsa.com\/index.php\/wp-json\/wp\/v2\/media?parent=38"}],"curies":[{"name":"wp","href":"https:\/\/api.w.org\/{rel}","templated":true}]}}