{"id":26,"date":"2020-11-17T20:25:42","date_gmt":"2020-11-17T19:25:42","guid":{"rendered":"http:\/\/astro-bsa.com\/?page_id=26"},"modified":"2024-02-24T11:53:51","modified_gmt":"2024-02-24T10:53:51","slug":"exoplanete","status":"publish","type":"page","link":"https:\/\/astro-bsa.com\/index.php\/exoplanete\/","title":{"rendered":"EXOPLAN\u00c8TE"},"content":{"rendered":"\n<p style=\"font-size:18px\">En 2012, BSA s&rsquo;est lanc\u00e9 dans la d\u00e9tection des exoplan\u00e8tes et a r\u00e9ussi en octobre a r\u00e9alis\u00e9 un 1er enregistrement d&rsquo;une exoplan\u00e8te Kepler-17 b. A ce jour seuls une quinzaine d&rsquo;observatoires en France participent \u00e0 la confirmation des exoplan\u00e8tes.<\/p>\n\n\n\n<p style=\"font-size:18px\">Dans cette page vous en apprendrez plus sur les exoplan\u00e8tes et sur le travail de confirmation fait par BSA !<\/p>\n\n\n\n<hr class=\"wp-block-separator has-text-color has-black-color has-css-opacity has-black-background-color has-background is-style-wide\"\/>\n\n\n\n<p style=\"font-size:24px\"><strong>D\u00e9finition et contexte :<\/strong><\/p>\n\n\n\n<p style=\"font-size:18px\">Les exoplan\u00e8tes sont des plan\u00e8tes extra-solaires qui tournent autour d&rsquo;\u00e9toiles. Depuis tr\u00e8s longtemps les astronomes pensaient que des plan\u00e8tes existaient en dehors de notre syst\u00e8me solaire, mais il a fallu attendre des moyens d&rsquo;observation appropri\u00e9s pour commencer \u00e0 les mettre en \u00e9vidence. C&rsquo;est en effet en octobre 1995 que la 1\u00e8re exoplan\u00e8te a \u00e9t\u00e9 d\u00e9couverte. Il s&rsquo;agissait de 51 Pegasi B. Depuis plus de 4324 exoplan\u00e8tes ont \u00e9t\u00e9 d\u00e9couvertes ( chiffre d&rsquo; exoplan\u00e8tes confirm\u00e9es \u00e0 la date du 20 d\u00e9cembre 2020) et ce nombre va continuellement augmenter gr\u00e2ce aux programmes de recherche utilisant de puissants t\u00e9lescopes spatiaux (CoRoT, K\u00e9pler, ..). <\/p>\n\n\n<div class=\"wp-block-image\">\n<figure class=\"aligncenter size-large is-resized\"><img loading=\"lazy\" decoding=\"async\" width=\"1024\" height=\"771\" src=\"https:\/\/astro-bsa.com\/wp-content\/uploads\/2020\/12\/fig13-20_years_of_progress-1024x771.jpg\" alt=\"\" class=\"wp-image-647\" style=\"width:512px;height:386px\" srcset=\"https:\/\/astro-bsa.com\/wp-content\/uploads\/2020\/12\/fig13-20_years_of_progress-1024x771.jpg 1024w, https:\/\/astro-bsa.com\/wp-content\/uploads\/2020\/12\/fig13-20_years_of_progress-300x226.jpg 300w, https:\/\/astro-bsa.com\/wp-content\/uploads\/2020\/12\/fig13-20_years_of_progress-768x578.jpg 768w, https:\/\/astro-bsa.com\/wp-content\/uploads\/2020\/12\/fig13-20_years_of_progress-500x377.jpg 500w, https:\/\/astro-bsa.com\/wp-content\/uploads\/2020\/12\/fig13-20_years_of_progress-800x602.jpg 800w, https:\/\/astro-bsa.com\/wp-content\/uploads\/2020\/12\/fig13-20_years_of_progress-1280x964.jpg 1280w, https:\/\/astro-bsa.com\/wp-content\/uploads\/2020\/12\/fig13-20_years_of_progress-1920x1446.jpg 1920w, https:\/\/astro-bsa.com\/wp-content\/uploads\/2020\/12\/fig13-20_years_of_progress-1536x1157.jpg 1536w, https:\/\/astro-bsa.com\/wp-content\/uploads\/2020\/12\/fig13-20_years_of_progress-359x270.jpg 359w, https:\/\/astro-bsa.com\/wp-content\/uploads\/2020\/12\/fig13-20_years_of_progress.jpg 2000w\" sizes=\"(max-width: 1024px) 100vw, 1024px\" \/><figcaption class=\"wp-element-caption\">Comparaison des tailles d&rsquo; exoplan\u00e8tes d\u00e9tect\u00e9es sur 20 ans de progr\u00e8s<\/figcaption><\/figure><\/div>\n\n\n<p style=\"font-size:18px\">Ces programmes ont permis de d\u00e9tecter des milliers d&rsquo;exoplan\u00e8tes candidates et il reste maintenant \u00e0 les confirmer. C&rsquo;est dans ce programme de recherche associant astronomes professionnels et amateurs que BSA s&rsquo;est lanc\u00e9 en 2012 pour contribuer \u00e0 la confirmation d&rsquo;exoplan\u00e8tes candidates.<\/p>\n\n\n\n<hr class=\"wp-block-separator has-text-color has-black-color has-css-opacity has-black-background-color has-background is-style-wide\"\/>\n\n\n\n<p style=\"font-size:24px\"><strong>M\u00e9thodes de d\u00e9tection :<\/strong><\/p>\n\n\n\n<p style=\"font-size:18px\">Il existe plusieurs m\u00e9thodes de d\u00e9tection d&rsquo; exoplan\u00e8te:<\/p>\n\n\n\n<div class=\"wp-block-group\"><div class=\"wp-block-group__inner-container is-layout-flow wp-block-group-is-layout-flow\">\n<div class=\"wp-block-group\"><div class=\"wp-block-group__inner-container is-layout-flow wp-block-group-is-layout-flow\">\n<p style=\"font-size:18px\"><strong>-la m\u00e9thode de la vitesse radiale (m\u00e9thode dynamique)<\/strong><\/p>\n\n\n\n<p style=\"font-size:18px\"><strong>-les m\u00e9thode d&rsquo;astrom\u00e9trie et de chronom\u00e9trage (autres m\u00e9thodes dynamiques)<\/strong><\/p>\n\n\n\n<p style=\"font-size:18px\"><strong>-la m\u00e9thode de d\u00e9tection d\u00e9cam\u00e9trique (\u00e0 l&rsquo;\u00e9tude, \u00e0 ce jour aucune exoplan\u00e8te n&rsquo; a encore \u00e9t\u00e9 d\u00e9tecte par cette m\u00e9thode)<\/strong><\/p>\n\n\n\n<p style=\"font-size:18px\">&#8211;<strong>la m\u00e9thode du transit (m\u00e9thode utilis\u00e9e par BSA)<\/strong><\/p>\n\n\n\n<p style=\"font-size:18px\"><strong>-la m\u00e9thode d&rsquo; imagerie direct.<\/strong><\/p>\n\n\n\n<p style=\"font-size:18px\"><strong>-la m\u00e9thode des lentilles gravitationnelles <\/strong><\/p>\n<\/div><\/div>\n<\/div><\/div>\n\n\n\n<p style=\"font-size:24px\"><span style=\"background-color:rgba(0, 0, 0, 0)\" class=\"has-inline-color has-vivid-red-color\">M\u00e9thode de la vitesse radiale <\/span><\/p>\n\n\n\n<p style=\"font-size:18px\">&#8211; Cette mesure se fait \u00e0 l&rsquo;aide d&rsquo;un spectroscope qui va d\u00e9tecter les variations du spectre de la lumi\u00e8re \u00e9mise par l&rsquo;\u00e9toile selon l&rsquo;effet Doppler et qui sont dues \u00e0 l&rsquo;interaction entre l&rsquo;\u00e9toile et sa plan\u00e8te.<\/p>\n\n\n\n<p style=\"font-size:18px\">C&rsquo;est cette m\u00e9thode qui a permit de d\u00e9tecter la premi\u00e8re exoplan\u00e8te en 1995.<\/p>\n\n\n\n<p style=\"font-size:24px\"><span style=\"background-color:rgba(0, 0, 0, 0)\" class=\"has-inline-color has-vivid-red-color\">M\u00e9thode du transit<\/span><\/p>\n\n\n\n<p style=\"font-size:18px\">&#8211; Cette mesure se fait \u00e0 l&rsquo;aide de cam\u00e9ras ultra-sensibles qui vont d\u00e9tecter une diminution transitoire de l&rsquo;intensit\u00e9 lumineuse de l&rsquo;\u00e9toile lorsque la plan\u00e8te passera entre l&rsquo;\u00e9toile et le champ d&rsquo;observation. C&rsquo;est le m\u00eame ph\u00e9nom\u00e8ne que celui du transit de V\u00e9nus ou Mercure devant le Soleil. C&rsquo;est cette m\u00e9thode qui est la plus utilis\u00e9e par les astronomes amateurs et c&rsquo;est celle l\u00e0 que nous avons utilis\u00e9 \u00e0 BSA.<\/p>\n\n\n\n<figure class=\"wp-block-embed is-type-video is-provider-youtube wp-block-embed-youtube wp-embed-aspect-16-9 wp-has-aspect-ratio\"><div class=\"wp-block-embed__wrapper\">\n<iframe loading=\"lazy\" title=\"[Comment \u00e7a marche ?] Les techniques de d\u00e9tection des exoplan\u00e8tes [5\/9]\" width=\"640\" height=\"360\" src=\"https:\/\/www.youtube.com\/embed\/HOybqkxxtqU?feature=oembed\" frameborder=\"0\" allow=\"accelerometer; autoplay; clipboard-write; encrypted-media; gyroscope; picture-in-picture; web-share\" referrerpolicy=\"strict-origin-when-cross-origin\" allowfullscreen><\/iframe>\n<\/div><figcaption class=\"wp-element-caption\">explications d\u00e9taill\u00e9es sur cette vid\u00e9o<\/figcaption><\/figure>\n\n\n\n<p>Vous pouvez aussi comprendre ces m\u00e9thodes de d\u00e9tection en cliquant sur l&rsquo; image suivante:<\/p>\n\n\n<div class=\"wp-block-image is-style-default\">\n<figure class=\"aligncenter size-large is-resized\"><a class=\"http:\/\/akabazo.fr\/aLAM\/exoP2019\/index.html\" href=\"http:\/\/akabazo.fr\/aLAM\/exoP2019\/index.html\" target=\"_blank\" rel=\"http:\/\/akabazo.fr\/aLAM\/exoP2019\/index.html noopener\"><img loading=\"lazy\" decoding=\"async\" width=\"1541\" height=\"991\" src=\"https:\/\/astro-bsa.com\/wp-content\/uploads\/2021\/01\/exoplanete_methode.jpg\" alt=\"\" class=\"wp-image-958\" style=\"width:385px;height:248px\" srcset=\"https:\/\/astro-bsa.com\/wp-content\/uploads\/2021\/01\/exoplanete_methode.jpg 1541w, https:\/\/astro-bsa.com\/wp-content\/uploads\/2021\/01\/exoplanete_methode-300x193.jpg 300w, https:\/\/astro-bsa.com\/wp-content\/uploads\/2021\/01\/exoplanete_methode-768x494.jpg 768w, https:\/\/astro-bsa.com\/wp-content\/uploads\/2021\/01\/exoplanete_methode-500x322.jpg 500w, https:\/\/astro-bsa.com\/wp-content\/uploads\/2021\/01\/exoplanete_methode-800x514.jpg 800w, https:\/\/astro-bsa.com\/wp-content\/uploads\/2021\/01\/exoplanete_methode-1280x823.jpg 1280w, https:\/\/astro-bsa.com\/wp-content\/uploads\/2021\/01\/exoplanete_methode-1536x988.jpg 1536w, https:\/\/astro-bsa.com\/wp-content\/uploads\/2021\/01\/exoplanete_methode-420x270.jpg 420w\" sizes=\"(max-width: 1541px) 100vw, 1541px\" \/><\/a><\/figure><\/div>\n\n\n<p style=\"font-size:24px\"><span style=\"background-color:rgba(0, 0, 0, 0)\" class=\"has-inline-color has-vivid-red-color\">M\u00e9thode d&rsquo;imagerie direct<\/span><\/p>\n\n\n\n<p style=\"font-size:18px\">C&rsquo;est \u00e0 une \u00e9quipe d&rsquo; astronome fran\u00e7ais, dirig\u00e9 par Ga\u00ebl Chauvin que l&rsquo; on doit la premi\u00e8re d\u00e9tection en imagerie direct en 2004. Pour pouvoir \u00eatre d\u00e9tect\u00e9, l&rsquo; exoplan\u00e8te doit \u00eatre lumineuse et tr\u00e8s \u00e9loign\u00e9e de son \u00e9toile.<\/p>\n\n\n<div class=\"wp-block-image\">\n<figure class=\"aligncenter size-large is-resized\"><img loading=\"lazy\" decoding=\"async\" width=\"1280\" height=\"1280\" src=\"https:\/\/astro-bsa.com\/wp-content\/uploads\/2021\/01\/eso0515a.jpg\" alt=\"\" class=\"wp-image-964\" style=\"width:320px;height:320px\" srcset=\"https:\/\/astro-bsa.com\/wp-content\/uploads\/2021\/01\/eso0515a.jpg 1280w, https:\/\/astro-bsa.com\/wp-content\/uploads\/2021\/01\/eso0515a-300x300.jpg 300w, https:\/\/astro-bsa.com\/wp-content\/uploads\/2021\/01\/eso0515a-150x150.jpg 150w, https:\/\/astro-bsa.com\/wp-content\/uploads\/2021\/01\/eso0515a-768x768.jpg 768w, https:\/\/astro-bsa.com\/wp-content\/uploads\/2021\/01\/eso0515a-500x500.jpg 500w, https:\/\/astro-bsa.com\/wp-content\/uploads\/2021\/01\/eso0515a-800x800.jpg 800w, https:\/\/astro-bsa.com\/wp-content\/uploads\/2021\/01\/eso0515a-270x270.jpg 270w\" sizes=\"(max-width: 1280px) 100vw, 1280px\" \/><figcaption class=\"wp-element-caption\">Premi\u00e8re image d&rsquo;une exoplan\u00e8te, autour de 2M1207, la plan\u00e8te est la tache rouge-orang\u00e9. (Chauvin et al. 2004)<\/figcaption><\/figure><\/div>\n\n\n<hr class=\"wp-block-separator has-text-color has-black-color has-css-opacity has-black-background-color has-background is-style-wide\"\/>\n\n\n\n<p style=\"font-size:24px\"><strong>Principe d&rsquo;enregistrement et de d\u00e9tection :<\/strong><\/p>\n\n\n\n<p style=\"font-size:18px\">Nous avons proc\u00e9d\u00e9 selon les \u00e9tapes suivantes :<\/p>\n\n\n\n<p style=\"font-size:18px\"><span style=\"background-color:rgba(0, 0, 0, 0)\" class=\"has-inline-color has-vivid-red-color\">1 &#8211; S\u00e9lection de l&rsquo;exoplan\u00e8te \u00e0 enregistrer\/confirmer<\/span> :<br>La Soci\u00e9t\u00e9 Tch\u00e8que d&rsquo;Astronomie g\u00e8re une base de donn\u00e9es internationale recensant toutes les exoplan\u00e8tes candidates et confirm\u00e9es et donne pour chacune d&rsquo;elle ses \u00e9ph\u00e9m\u00e9rides et caract\u00e9ristiques. Chaque soir, une liste d&rsquo;exoplan\u00e8tes candidates ou confirm\u00e9es sont observables (plus ou moins facilement).<\/p>\n\n\n\n<p style=\"font-size:18px\"><span style=\"background-color:rgba(0, 0, 0, 0)\" class=\"has-inline-color has-vivid-red-color\">2 &#8211; Enregistrement de l&rsquo;exoplan\u00e8te :<\/span><br>Apr\u00e8s avoir connect\u00e9 une cam\u00e9ra CCD (ou un APN) sur un t\u00e9lescope on peut pointer l&rsquo;\u00e9toile cible et commencer les enregistrements un peu avant le d\u00e9marrage pr\u00e9vu du transit, pendant toute la dur\u00e9e de celui-ci, et un peu apr\u00e8s sa fin.<\/p>\n\n\n\n<p style=\"font-size:18px\"><span style=\"background-color:rgba(0, 0, 0, 0)\" class=\"has-inline-color has-vivid-red-color\">3 &#8211; Traitement des images et photom\u00e9trie :<\/span><br>A l&rsquo;aide de logiciels (Iris, Muniwin, &#8230;.) on peut traiter les images obtenues et obtenir des donn\u00e9es d&rsquo;intensit\u00e9 lumineuse (magnitude) de l&rsquo;\u00e9toile cible et d&rsquo;\u00e9toiles de r\u00e9f\u00e9rence (pr\u00e9sum\u00e9es stables). C&rsquo;est la diff\u00e9rence entre les magnitudes de l&rsquo;\u00e9toile cible et de la moyenne des \u00e9toiles de r\u00e9f\u00e9rence qui va permettre de mettre en \u00e9vidence une diminution transitoire du flux lumineux de l&rsquo;\u00e9toile cible, signant ainsi le passage d&rsquo;une exoplan\u00e8te.<\/p>\n\n\n\n<p style=\"font-size:18px\"><span style=\"background-color:rgba(0, 0, 0, 0)\" class=\"has-inline-color has-vivid-red-color\">4 &#8211; Soumission des donn\u00e9es :<\/span><br>Une fois la courbe de transit obtenue il suffit de la soumettre \u00e0 la base de donn\u00e9es internationale qui va valider l&rsquo;enregistrement et l&rsquo;ajouter \u00e0 celui des autres astronomes amateurs et permettre ainsi la confirmation de l&rsquo;existence de cette exoplan\u00e8te.<\/p>\n\n\n\n<p style=\"font-size:18px\">Attention ! Ces quelques lignes semblent indiquer que l&rsquo;exercice est tr\u00e8s facile ! Il n&rsquo;en est rien et il nous a fallu quelques mois et de nombreuses tentatives infructueuses avant de r\u00e9aliser notre 1er enregistrement. Mais avec de l&rsquo;acharnement, de la passion et du travail d&rsquo;\u00e9quipe au sein de BSA&#8230;.nous y sommes arriv\u00e9s !<\/p>\n\n\n\n<hr class=\"wp-block-separator has-text-color has-black-color has-css-opacity has-black-background-color has-background is-style-wide\"\/>\n\n\n\n<p style=\"font-size:24px\"><strong>Les enregistrements r\u00e9alis\u00e9s par BSA :<\/strong><\/p>\n\n\n\n<p style=\"font-size:18px\"><br><strong><span class=\"has-inline-color has-vivid-red-color\">1 &#8211; Kepler-17 b<\/span><\/strong> : <a rel=\"noreferrer noopener\" href=\"http:\/\/var2.astro.cz\/EN\/tresca\/transit-detail.php?id=1349543564\" target=\"_blank\">vous trouverez ici notre enregistrement<\/a> du 8 octobre 2012. BSA (JM. Dillon, V et T. Belin) a r\u00e9alis\u00e9 le 21eme enregistrement de cette exoplan\u00e8te candidate.<br>Il s&rsquo;agit d&rsquo;une petite plan\u00e8te d\u00e9couverte en 2011, qui fait 2,45 fois la masse de Jupiter, qui tourne autour de son \u00e9toile en 1,49 jours (contre 1 an pour nous autour du Soleil !). Elle est situ\u00e9e \u00e0 2609 ann\u00e9es lumi\u00e8re de la Terre, situ\u00e9e ds la constellation du Cygne.<\/p>\n\n\n<div class=\"wp-block-image\">\n<figure class=\"aligncenter size-large is-resized\"><a class=\"https:\/\/astro-bsa.com\/wp-content\/uploads\/2020\/12\/kepler17b.jpg\" href=\"https:\/\/astro-bsa.com\/wp-content\/uploads\/2020\/12\/kepler17b.jpg\" target=\"_blank\" rel=\"https:\/\/astro-bsa.com\/wp-content\/uploads\/2020\/12\/kepler17b.jpg noopener\"><img loading=\"lazy\" decoding=\"async\" width=\"840\" height=\"864\" src=\"https:\/\/astro-bsa.com\/wp-content\/uploads\/2020\/12\/kepler17b.jpg\" alt=\"\" class=\"wp-image-623\" style=\"width:420px;height:432px\" srcset=\"https:\/\/astro-bsa.com\/wp-content\/uploads\/2020\/12\/kepler17b.jpg 840w, https:\/\/astro-bsa.com\/wp-content\/uploads\/2020\/12\/kepler17b-292x300.jpg 292w, https:\/\/astro-bsa.com\/wp-content\/uploads\/2020\/12\/kepler17b-768x790.jpg 768w, https:\/\/astro-bsa.com\/wp-content\/uploads\/2020\/12\/kepler17b-500x514.jpg 500w, https:\/\/astro-bsa.com\/wp-content\/uploads\/2020\/12\/kepler17b-800x823.jpg 800w, https:\/\/astro-bsa.com\/wp-content\/uploads\/2020\/12\/kepler17b-263x270.jpg 263w\" sizes=\"(max-width: 840px) 100vw, 840px\" \/><\/a><\/figure><\/div>\n\n\n<p>Plus d&rsquo; info sur cette exoplan\u00e8te:<\/p>\n\n\n\n<p><a rel=\"noreferrer noopener\" href=\"https:\/\/exoplanets.nasa.gov\/eyes-on-exoplanets\/#\/planet\/Kepler-17_b\/\" target=\"_blank\">https:\/\/exoplanets.nasa.gov\/eyes-on-exoplanets\/#\/planet\/Kepler-17_b\/<\/a><\/p>\n\n\n\n<hr class=\"wp-block-separator has-text-color has-black-color has-css-opacity has-black-background-color has-background\"\/>\n\n\n\n<p style=\"font-size:18px\"><strong><span class=\"has-inline-color has-vivid-red-color\">2 &#8211; Wasp-2 b<\/span><\/strong> : <a href=\"http:\/\/var2.astro.cz\/EN\/tresca\/transit-detail.php?id=1352225570\" target=\"_blank\" rel=\"noreferrer noopener\">vous trouverez ici notre enregistrement<\/a> du 4 Novembre 2012. BSA (JM. Dillon) a r\u00e9alis\u00e9 le 71eme enregistrement de cette exoplan\u00e8te candidate. Plus d&rsquo; info sur cette exoplan\u00e8te:<\/p>\n\n\n\n<p><a rel=\"noreferrer noopener\" href=\"https:\/\/exoplanets.nasa.gov\/eyes-on-exoplanets\/#\/planet\/WASP-2_b\/\" target=\"_blank\">https:\/\/exoplanets.nasa.gov\/eyes-on-exoplanets\/#\/planet\/WASP-2_b\/<\/a><\/p>\n\n\n\n<hr class=\"wp-block-separator has-text-color has-black-color has-css-opacity has-black-background-color has-background\"\/>\n\n\n\n<p style=\"font-size:18px\"><strong><span class=\"has-inline-color has-vivid-red-color\">3 &#8211; Corot-18 b<\/span><\/strong> : <a rel=\"noreferrer noopener\" href=\"http:\/\/var2.astro.cz\/EN\/tresca\/transit-detail.php?id=1362741630\" target=\"_blank\">vous trouverez ici notre enregistrement<\/a> du 14 Mars 2013. BSA (JM. Dillon) a r\u00e9alis\u00e9 le 3eme enregistrement de cette exoplan\u00e8te candidate !!! Plus d&rsquo; info sur cette exoplan\u00e8te:<\/p>\n\n\n\n<p><a rel=\"noreferrer noopener\" href=\"https:\/\/exoplanets.nasa.gov\/eyes-on-exoplanets\/#\/planet\/CoRoT-18_b\/\" target=\"_blank\">https:\/\/exoplanets.nasa.gov\/eyes-on-exoplanets\/#\/planet\/CoRoT-18_b\/<\/a><\/p>\n\n\n\n<hr class=\"wp-block-separator has-text-color has-black-color has-css-opacity has-black-background-color has-background\"\/>\n\n\n\n<p style=\"font-size:18px\"><strong><span class=\"has-inline-color has-vivid-red-color\">4 &#8211; WASP-43b<\/span><\/strong> <a rel=\"noreferrer noopener\" href=\"http:\/\/var2.astro.cz\/EN\/tresca\/transit-detail.php?id=1482917844\" target=\"_blank\"><\/a>: <a rel=\"noreferrer noopener\" href=\"http:\/\/var2.astro.cz\/EN\/tresca\/transit-detail.php?id=1482917844\" target=\"_blank\">vous trouverez ici notre enregistrement<\/a> du 25 d\u00e9cembre 2016. E. Miny a r\u00e9alis\u00e9 cet enregistrement en contr\u00f4lant \u00e0 distance le t\u00e9lescope de notre observatoire ! Plus d&rsquo; info sur cette exoplan\u00e8te:<\/p>\n\n\n\n<p><a href=\"https:\/\/exoplanets.nasa.gov\/eyes-on-exoplanets\/#\/planet\/WASP-43_b\/\" target=\"_blank\" rel=\"noreferrer noopener\">https:\/\/exoplanets.nasa.gov\/eyes-on-exoplanets\/#\/planet\/WASP-43_b\/<\/a><\/p>\n\n\n\n<hr class=\"wp-block-separator has-text-color has-black-color has-css-opacity has-black-background-color has-background is-style-wide\"\/>\n\n\n\n<p style=\"font-size:18px\"><span style=\"background-color:rgba(0, 0, 0, 0)\" class=\"has-inline-color has-black-color\"><strong>Si vous voulez en savoir plus, voici le lien de la NASA qui vous informe des derni\u00e8res d\u00e9couverte d&rsquo; exoplan\u00e8tes:<\/strong><\/span><\/p>\n\n\n\n<p><a href=\"https:\/\/exoplanets.nasa.gov\/discovery\/discoveries-dashboard\/\" target=\"_blank\" rel=\"noreferrer noopener\">https:\/\/exoplanets.nasa.gov\/discovery\/discoveries-dashboard\/<\/a><\/p>\n","protected":false},"excerpt":{"rendered":"<p>En 2012, BSA s&rsquo;est lanc\u00e9 dans la d\u00e9tection des exoplan\u00e8tes et a r\u00e9ussi en octobre a r\u00e9alis\u00e9 un 1er enregistrement d&rsquo;une exoplan\u00e8te Kepler-17 b. A ce jour seuls une quinzaine d&rsquo;observatoires en France participent \u00e0 la confirmation des exoplan\u00e8tes. Dans cette page vous en apprendrez plus sur les exoplan\u00e8tes et sur le travail de confirmation fait par BSA ! D\u00e9finition et contexte : Les exoplan\u00e8tes sont des plan\u00e8tes extra-solaires qui tournent autour d&rsquo;\u00e9toiles. Depuis tr\u00e8s longtemps les astronomes pensaient que&#8230;<\/p>\n<p class=\"read-more\"><a class=\"btn btn-default\" href=\"https:\/\/astro-bsa.com\/index.php\/exoplanete\/\">Lire la suite<span class=\"screen-reader-text\"> Lire la suite<\/span><\/a><\/p>\n","protected":false},"author":1,"featured_media":0,"parent":0,"menu_order":0,"comment_status":"closed","ping_status":"closed","template":"","meta":{"_vp_format_video_url":"","_vp_image_focal_point":[],"footnotes":""},"jetpack_sharing_enabled":true,"_links":{"self":[{"href":"https:\/\/astro-bsa.com\/index.php\/wp-json\/wp\/v2\/pages\/26"}],"collection":[{"href":"https:\/\/astro-bsa.com\/index.php\/wp-json\/wp\/v2\/pages"}],"about":[{"href":"https:\/\/astro-bsa.com\/index.php\/wp-json\/wp\/v2\/types\/page"}],"author":[{"embeddable":true,"href":"https:\/\/astro-bsa.com\/index.php\/wp-json\/wp\/v2\/users\/1"}],"replies":[{"embeddable":true,"href":"https:\/\/astro-bsa.com\/index.php\/wp-json\/wp\/v2\/comments?post=26"}],"version-history":[{"count":38,"href":"https:\/\/astro-bsa.com\/index.php\/wp-json\/wp\/v2\/pages\/26\/revisions"}],"predecessor-version":[{"id":1690,"href":"https:\/\/astro-bsa.com\/index.php\/wp-json\/wp\/v2\/pages\/26\/revisions\/1690"}],"wp:attachment":[{"href":"https:\/\/astro-bsa.com\/index.php\/wp-json\/wp\/v2\/media?parent=26"}],"curies":[{"name":"wp","href":"https:\/\/api.w.org\/{rel}","templated":true}]}}